{"id":27,"date":"2021-03-07T11:43:08","date_gmt":"2021-03-07T11:43:08","guid":{"rendered":"http:\/\/novostage.hu\/?page_id=27"},"modified":"2021-03-08T21:44:00","modified_gmt":"2021-03-08T21:44:00","slug":"catering","status":"publish","type":"page","link":"https:\/\/novostage.hu\/?page_id=27","title":{"rendered":"CATERING"},"content":{"rendered":"<p style=\"text-align: justify;\">A min\u0151s\u00e9gi catering nagyban hozz\u00e1 tud j\u00e1rulni egy partnertal\u00e1lkoz\u00f3, meeting vagy m\u00e1s c\u00e9ges rendezv\u00e9ny siker\u00e9hez. Ak\u00e1r egy r\u00f6vid tr\u00e9ning eb\u00e9dre, ak\u00e1r eg\u00e9sz napos catering ell\u00e1t\u00e1sra van sz\u00fcks\u00e9ged, szolg\u00e1ltat\u00e1sunkkal biztos\u00edtjuk az ehhez sz\u00fcks\u00e9ges kiv\u00e1l\u00f3 \u00e9teleket, italokat \u00e9s a magas szakmai h\u00e1tteret.<\/p>\n","protected":false},"excerpt":{"rendered":"<p>A min\u0151s\u00e9gi catering nagyban hozz\u00e1 tud j\u00e1rulni egy partnertal\u00e1lkoz\u00f3, meeting vagy m\u00e1s c\u00e9ges rendezv\u00e9ny siker\u00e9hez. Ak\u00e1r egy r\u00f6vid tr\u00e9ning eb\u00e9dre, ak\u00e1r eg\u00e9sz napos catering ell\u00e1t\u00e1sra van sz\u00fcks\u00e9ged, szolg\u00e1ltat\u00e1sunkkal biztos\u00edtjuk az ehhez sz\u00fcks\u00e9ges kiv\u00e1l\u00f3 \u00e9teleket, italokat \u00e9s a magas szakmai h\u00e1tteret.<\/p>\n","protected":false},"author":1,"featured_media":0,"parent":0,"menu_order":0,"comment_status":"closed","ping_status":"closed","template":"","meta":{"footnotes":""},"class_list":["post-27","page","type-page","status-publish","hentry"],"_links":{"self":[{"href":"https:\/\/novostage.hu\/index.php?rest_route=\/wp\/v2\/pages\/27","targetHints":{"allow":["GET"]}}],"collection":[{"href":"https:\/\/novostage.hu\/index.php?rest_route=\/wp\/v2\/pages"}],"about":[{"href":"https:\/\/novostage.hu\/index.php?rest_route=\/wp\/v2\/types\/page"}],"author":[{"embeddable":true,"href":"https:\/\/novostage.hu\/index.php?rest_route=\/wp\/v2\/users\/1"}],"replies":[{"embeddable":true,"href":"https:\/\/novostage.hu\/index.php?rest_route=%2Fwp%2Fv2%2Fcomments&post=27"}],"version-history":[{"count":2,"href":"https:\/\/novostage.hu\/index.php?rest_route=\/wp\/v2\/pages\/27\/revisions"}],"predecessor-version":[{"id":49,"href":"https:\/\/novostage.hu\/index.php?rest_route=\/wp\/v2\/pages\/27\/revisions\/49"}],"wp:attachment":[{"href":"https:\/\/novostage.hu\/index.php?rest_route=%2Fwp%2Fv2%2Fmedia&parent=27"}],"curies":[{"name":"wp","href":"https:\/\/api.w.org\/{rel}","templated":true}]}}