{"id":31,"date":"2021-03-07T12:45:08","date_gmt":"2021-03-07T12:45:08","guid":{"rendered":"http:\/\/novostage.hu\/?page_id=31"},"modified":"2021-03-08T21:44:55","modified_gmt":"2021-03-08T21:44:55","slug":"kapcsolat","status":"publish","type":"page","link":"https:\/\/novostage.hu\/?page_id=31","title":{"rendered":"KAPCSOLAT"},"content":{"rendered":"<p style=\"text-align: justify;\"><strong>L\u00e9pjen kapcsolatba vel\u00fcnk!<\/strong><\/p>\n<p style=\"text-align: justify;\">Kapcsolattart\u00f3:\u00a0Papp Ferenc<\/p>\n<p style=\"text-align: justify;\">Telefon: +36-30-400-4762<\/p>\n<p style=\"text-align: justify;\">E-mail:\u00a0novocafee@gmail.com<\/p>\n<p style=\"text-align: justify;\">Sz\u00e9khely: H-2100 G\u00f6d\u00f6ll\u0151, L\u00e9gszesz u. 7\/5.<\/p>\n<p style=\"text-align: justify;\">Telephely: H-4134 Mez\u0151sas, Nagy S\u00e1ndor u. 23.<\/p>\n<p style=\"text-align: justify;\">Ad\u00f3sz\u00e1m:\u00a023994621-2-13<\/p>\n","protected":false},"excerpt":{"rendered":"<p>L\u00e9pjen kapcsolatba vel\u00fcnk! Kapcsolattart\u00f3:\u00a0Papp Ferenc Telefon: +36-30-400-4762 E-mail:\u00a0novocafee@gmail.com Sz\u00e9khely: H-2100 G\u00f6d\u00f6ll\u0151, L\u00e9gszesz u. 7\/5. Telephely: H-4134 Mez\u0151sas, Nagy S\u00e1ndor u. 23. Ad\u00f3sz\u00e1m:\u00a023994621-2-13<\/p>\n","protected":false},"author":1,"featured_media":0,"parent":0,"menu_order":0,"comment_status":"closed","ping_status":"closed","template":"","meta":{"footnotes":""},"class_list":["post-31","page","type-page","status-publish","hentry"],"_links":{"self":[{"href":"https:\/\/novostage.hu\/index.php?rest_route=\/wp\/v2\/pages\/31","targetHints":{"allow":["GET"]}}],"collection":[{"href":"https:\/\/novostage.hu\/index.php?rest_route=\/wp\/v2\/pages"}],"about":[{"href":"https:\/\/novostage.hu\/index.php?rest_route=\/wp\/v2\/types\/page"}],"author":[{"embeddable":true,"href":"https:\/\/novostage.hu\/index.php?rest_route=\/wp\/v2\/users\/1"}],"replies":[{"embeddable":true,"href":"https:\/\/novostage.hu\/index.php?rest_route=%2Fwp%2Fv2%2Fcomments&post=31"}],"version-history":[{"count":3,"href":"https:\/\/novostage.hu\/index.php?rest_route=\/wp\/v2\/pages\/31\/revisions"}],"predecessor-version":[{"id":51,"href":"https:\/\/novostage.hu\/index.php?rest_route=\/wp\/v2\/pages\/31\/revisions\/51"}],"wp:attachment":[{"href":"https:\/\/novostage.hu\/index.php?rest_route=%2Fwp%2Fv2%2Fmedia&parent=31"}],"curies":[{"name":"wp","href":"https:\/\/api.w.org\/{rel}","templated":true}]}}